{"id":3,"date":"2025-01-07T14:24:18","date_gmt":"2025-01-07T14:24:18","guid":{"rendered":"https:\/\/tuidentidad.com\/?page_id=3"},"modified":"2025-02-14T00:03:07","modified_gmt":"2025-02-14T00:03:07","slug":"aviso-de-privacidad","status":"publish","type":"page","link":"https:\/\/tuidentidad.com\/en\/aviso-de-privacidad\/","title":{"rendered":"Privacy Notice"},"content":{"rendered":"<div data-elementor-type=\"wp-page\" data-elementor-id=\"3\" class=\"elementor elementor-3\">\n\t\t\t\t\t\t<section class=\"elementor-section elementor-top-section elementor-element elementor-element-0ab7dda elementor-section-content-middle elementor-section-boxed elementor-section-height-default elementor-section-height-default\" data-id=\"0ab7dda\" data-element_type=\"section\" data-e-type=\"section\" data-settings=\"{&quot;background_background&quot;:&quot;classic&quot;}\">\n\t\t\t\t\t\t<div class=\"elementor-container elementor-column-gap-default\">\n\t\t\t\t\t<div class=\"elementor-column elementor-col-100 elementor-top-column elementor-element elementor-element-ea38f6a\" data-id=\"ea38f6a\" data-element_type=\"column\" data-e-type=\"column\">\n\t\t\t<div class=\"elementor-widget-wrap elementor-element-populated\">\n\t\t\t\t\t\t<div class=\"elementor-element elementor-element-25ed998 tt-view-stacked tt-shape-rounded tt-text-align-center tt-heading-fill-color elementor-widget elementor-widget-tt-heading\" data-id=\"25ed998\" data-element_type=\"widget\" data-e-type=\"widget\" data-widget_type=\"tt-heading.default\">\n\t\t\t\t<div class=\"elementor-widget-container\">\n\t\t\t\t\t\r\n\t\t<div class=\"section-heading style-one\">\r\n\r\n\t\t\t\t\t\t<!-- \/.icon-container -->\r\n\r\n\t\t\t\t\t\t\t<h3 class=\"subtitle\">Policies<\/h3>\r\n\t\t\t\r\n\t\t\t<h2 class=\"section-title\">Privacy Notice<\/h2>\r\n\t\t\t\t\t\t\t<div class=\"description\"><p>Find out how we protect your personal data. <br>We comply with safety regulations.<\/p><\/div>\r\n\t\t\t\t\t<\/div>\r\n\r\n\t\t\t\t\t\t<\/div>\n\t\t\t\t<\/div>\n\t\t\t\t\t<\/div>\n\t\t<\/div>\n\t\t\t\t\t<\/div>\n\t\t<\/section>\n\t\t<div class=\"elementor-element elementor-element-7488d7bc e-flex e-con-boxed e-con e-parent\" data-id=\"7488d7bc\" data-element_type=\"container\" data-e-type=\"container\">\n\t\t\t\t\t<div class=\"e-con-inner\">\n\t\t\t\t<div class=\"elementor-element elementor-element-68cd46f8 elementor-widget elementor-widget-text-editor\" data-id=\"68cd46f8\" data-element_type=\"widget\" data-e-type=\"widget\" data-widget_type=\"text-editor.default\">\n\t\t\t\t<div class=\"elementor-widget-container\">\n\t\t\t\t\t\t\t\t\t<p><\/p>\n<p>TE IDENTIFICAS SAPI DE CV &quot;TU IDENTIDAD&quot; is a company committed to protecting the personal data and privacy of its users in compliance with the Federal Law on the Protection of Personal Data Held by Private Parties and its Regulations, as well as the highest national and international standards and guidelines regarding data protection. In compliance with the foregoing, we provide you with the following Privacy Notice:<\/p>\n<p><\/p>\n<h6 class=\"wp-block-heading\"><strong>IDENTITY OF THE CONTROLLER:<\/strong><\/h6>\n<p><\/p>\n<p>DO YOU IDENTIFY YOURSELF SAPI DE CV?<\/p>\n<p><\/p>\n<h6 class=\"wp-block-heading\"><strong>ADDRESS OF THE CONTROLLER:<\/strong><\/h6>\n<p><\/p>\n<p>Janitzio Forest No. 14, Lomas de la Herradura, Huixquilucan, Zip Code 52785, State of Mexico<\/p>\n<p><\/p>\n<h6 class=\"wp-block-heading\"><strong>PRIMARY PURPOSES<\/strong><\/h6>\n<p><\/p>\n<p>\u2022 Identity verification, whether within the framework of a service provision contract entered into with a third party or directly with you, the data subject.<br>\u2022 Verification of authenticity of official identification.<br>\u2022 Validation of identification and official documents in publicly accessible sources and inquiries to government entities.<br>\u2022 We inform you that, in order to authenticate you, we may consult the INE database as part of the Query Service provided by the INE. Furthermore, neither your data nor the queries will be marketed or resold to third parties.<\/p>\n<p><\/p>\n<h6 class=\"wp-block-heading\"><strong>DATA BY CATEGORIES<\/strong><\/h6>\n<p><\/p>\n<p>Identification and contact information:<\/p><p><span style=\"text-align: var(--text-align);\">\u2022&nbsp;<\/span><span style=\"text-align: var(--text-align);\">Full name<br><\/span>\u2022&nbsp;<span style=\"text-align: var(--text-align);\">Home<br><\/span>\u2022&nbsp;<span style=\"text-align: var(--text-align);\">Cellular phone<br><\/span>\u2022&nbsp;<span style=\"text-align: var(--text-align);\">CURP<br><\/span>\u2022&nbsp;<span style=\"text-align: var(--text-align);\">Biometric data (face and fingerprint)<br><\/span>\u2022&nbsp;<span style=\"text-align: var(--text-align);\">The data or elements included in a voter ID card of any type<br><\/span>\u2022&nbsp;<span style=\"text-align: var(--text-align);\">Passport identification number<br><\/span>\u2022&nbsp;<span style=\"text-align: var(--text-align);\">Financial or asset data<br><\/span>\u2022&nbsp;<span style=\"text-align: var(--text-align);\">Tax Address<br><\/span>\u2022&nbsp;<span style=\"text-align: var(--text-align);\">RFC<\/span><\/p><ul>\n<p><\/p>\n<\/ul>\n<p><!-- \/wp:list --><!-- wp:paragraph --><\/p>\n<p><!-- \/wp:paragraph --><!-- wp:heading {\"level\":6} --><\/p>\n<h6><strong>TRANSFERS<\/strong><\/h6>\n<p><!-- \/wp:heading --><!-- wp:paragraph --><\/p>\n<p><strong>\u201cYOUR IDENTITY\u201d&nbsp;<\/strong>does not carry out transfers of Personal Data, except those provided for in Article 37 of the Federal Law on the Protection of Personal Data Held by Private Parties.<\/p>\n<p><!-- \/wp:paragraph --><!-- wp:paragraph --><\/p>\n<p>In particular, the numerals:<\/p>\n<p><!-- \/wp:paragraph --><!-- wp:paragraph --><\/p>\n<p>I. the transfer is provided for in a law or treaty to which Mexico is a party; and<\/p>\n<p><!-- \/wp:paragraph --><!-- wp:paragraph --><\/p>\n<p>IV. When the transfer is necessary by virtue of a contract entered into or to be entered into in the interest of the owner, by the controller and a third party.<\/p>\n<p><!-- \/wp:paragraph --><!-- wp:paragraph --><\/p>\n<p><!-- \/wp:paragraph --><!-- wp:heading {\"level\":6} --><\/p>\n<h6><strong>EXERCISE OF RIGHTS<\/strong><\/h6>\n<p><!-- \/wp:heading --><!-- wp:paragraph --><\/p>\n<p>Under the terms permitted by applicable regulations, you may access, rectify, and delete your personal data, object to the processing of such data, and revoke at any time any consent you may have given us, by sending an email to: avisodeprivacidad@tuidentidad.com<\/p>\n<p><!-- \/wp:paragraph --><!-- wp:paragraph --><\/p>\n<p>Your application must contain<br>\u2022 Full name<br>\u2022 Simple or digital copy of official identification to prove identity (INE or passport)<br>\u2022 Representation: If you are acting on behalf of a minor, you must present a birth certificate or official document proving the legal status of the parent or guardian; if you are acting on behalf of a third party of legal age, you must attach a power of attorney proving your authority to act on their behalf.<br>\u2022 Brief description of what you are requesting, whether it be access to your data, rectification or deletion of your data, opposition to processing or some purposes of the processing, or revocation of consent.<br>\u2022 To correct your name or address, attach a copy of proof if it is different from the official identification presented to prove your identity.<br>The response period will be 20 business days based on the official calendar published in the Official Gazette of the Federation.<br>The response to your request will be sent through the same means by which it was received, that is, via email.<\/p>\n<p><!-- \/wp:paragraph --><!-- wp:paragraph --><\/p>\n<p>If you do not receive a response from us or if it is unsatisfactory, you have 15 business days to contact the INAI and request that a rights protection procedure be initiated.<\/p>\n<p><!-- \/wp:paragraph --><!-- wp:paragraph --><\/p>\n<p><!-- \/wp:paragraph --><!-- wp:heading {\"level\":6} --><\/p>\n<h6><strong>MECHANISMS FOR LIMITING THE USE AND DISCLOSURE OF DATA AND REVOCATION OF CONSENT<\/strong><\/h6>\n<p><!-- \/wp:heading --><!-- wp:paragraph --><\/p>\n<p>You may limit the use and disclosure of your personal data or object to the processing of such data for secondary purposes by sending an email to: avisodeprivacidad@tuidentidad.com<\/p>\n<p><!-- \/wp:paragraph --><!-- wp:paragraph --><\/p>\n<p><!-- \/wp:paragraph --><!-- wp:heading {\"level\":6} --><\/p>\n<h6><strong>SECURITY MEASURES<\/strong><\/h6>\n<p><!-- \/wp:heading --><!-- wp:paragraph --><\/p>\n<p>The data controller, in compliance with the guidelines established by the Law and its regulations, has a high level of commitment to the physical, administrative, and technological security measures necessary for the protection of your Data.<\/p>\n<p><!-- \/wp:paragraph --><!-- wp:paragraph --><\/p>\n<p><!-- \/wp:paragraph --><!-- wp:heading {\"level\":6} --><\/p>\n<h6><strong>MODIFICATION TO THE PRIVACY NOTICE<\/strong><\/h6>\n<p><!-- \/wp:heading --><!-- wp:paragraph --><\/p>\n<p>\u201cTU IDENTIDAD\u201d will notify you of any changes or updates to this privacy notice via the email address we have on file.<\/p>\n<p><!-- \/wp:paragraph --><!-- wp:heading {\"level\":6} --><\/p>\n<h6><strong>COOKIES<\/strong><\/h6>\n<p><!-- \/wp:heading --><!-- wp:paragraph --><\/p>\n<p>1. \u201cYOUR IDENTITY\u201d<\/p>\n<p><!-- \/wp:paragraph --><!-- wp:paragraph --><\/p>\n<p>Cookies are small pieces of text that websites you visit send to your browser. Cookies allow sites to remember information about your visit, which can make them easier to visit again and more useful to you.<\/p>\n<p><!-- \/wp:paragraph --><!-- wp:paragraph --><\/p>\n<p>The cookies we use in YOUR IDENTITY allow us to enable certain functions to make your browsing experience easier, for example: faster login, time zone, type of device you&#039;re connecting from, language, etc.<\/p>\n<p><!-- \/wp:paragraph --><!-- wp:paragraph --><\/p>\n<p>We also use performance cookies, which are used to track how you use a website during your visit, without collecting personal information about you. This information is typically anonymized and combined with information tracked across all site users. It helps companies understand visitor usage patterns, identify and diagnose problems or errors they may encounter, and make strategic decisions to improve the overall website experience. These cookies may be set by the website you are visiting (first-party) or by third-party services.<\/p>\n<p><!-- \/wp:paragraph --><!-- wp:paragraph --><\/p>\n<p>If you do not wish to accept our cookies, you can instruct your browser to refuse cookies from our website. Most browsers are set to accept cookies by default, but you can update these settings to refuse cookies entirely or to notify you when a website is attempting to set or update a cookie.<br>If you browse our website from multiple devices, you may need to update your settings on each device individually.<\/p>\n<p><!-- \/wp:paragraph --><!-- wp:paragraph --><\/p>\n<p><strong>Last updated October 1, 2021<\/strong><\/p>\n<p><!-- \/wp:paragraph --><!-- wp:paragraph --><\/p>\n<p><!-- \/wp:paragraph --><\/p>\t\t\t\t\t\t\t\t<\/div>\n\t\t\t\t<\/div>\n\t\t\t\t\t<\/div>\n\t\t\t\t<\/div>\n\t\t\t\t<\/div>","protected":false},"excerpt":{"rendered":"<p>Pol\u00edticas Aviso de Privacidad Descubre c\u00f3mo protegemos tus datos personales. Cumplimos con normativas de seguridad. TE IDENTIFICAS S.A.P.I. DE C.V. \u201cTU IDENTIDAD\u201d, es una empresa comprometida con la protecci\u00f3n de datos personales y la privacidad de sus usuarios en cumplimiento con la Ley Federal de Protecci\u00f3n de Datos Personales en Posesi\u00f3n de los Particulares y [&hellip;]<\/p>\n","protected":false},"author":1,"featured_media":0,"parent":0,"menu_order":0,"comment_status":"closed","ping_status":"closed","template":"","meta":{"_eb_attr":"","content-type":"","_monsterinsights_skip_tracking":false,"_monsterinsights_sitenote_active":false,"_monsterinsights_sitenote_note":"","_monsterinsights_sitenote_category":0,"footnotes":""},"class_list":["post-3","page","type-page","status-publish","hentry"],"aioseo_notices":[],"_links":{"self":[{"href":"https:\/\/tuidentidad.com\/en\/wp-json\/wp\/v2\/pages\/3","targetHints":{"allow":["GET"]}}],"collection":[{"href":"https:\/\/tuidentidad.com\/en\/wp-json\/wp\/v2\/pages"}],"about":[{"href":"https:\/\/tuidentidad.com\/en\/wp-json\/wp\/v2\/types\/page"}],"author":[{"embeddable":true,"href":"https:\/\/tuidentidad.com\/en\/wp-json\/wp\/v2\/users\/1"}],"replies":[{"embeddable":true,"href":"https:\/\/tuidentidad.com\/en\/wp-json\/wp\/v2\/comments?post=3"}],"version-history":[{"count":18,"href":"https:\/\/tuidentidad.com\/en\/wp-json\/wp\/v2\/pages\/3\/revisions"}],"predecessor-version":[{"id":19505,"href":"https:\/\/tuidentidad.com\/en\/wp-json\/wp\/v2\/pages\/3\/revisions\/19505"}],"wp:attachment":[{"href":"https:\/\/tuidentidad.com\/en\/wp-json\/wp\/v2\/media?parent=3"}],"curies":[{"name":"wp","href":"https:\/\/api.w.org\/{rel}","templated":true}]}}