{"id":19314,"date":"2025-01-30T00:23:44","date_gmt":"2025-01-30T00:23:44","guid":{"rendered":"https:\/\/tuidentidad.com\/?page_id=19314"},"modified":"2025-02-14T00:10:07","modified_gmt":"2025-02-14T00:10:07","slug":"terminos-y-condiciones","status":"publish","type":"page","link":"https:\/\/tuidentidad.com\/en\/terminos-y-condiciones\/","title":{"rendered":"Terms and Conditions"},"content":{"rendered":"<div data-elementor-type=\"wp-page\" data-elementor-id=\"19314\" class=\"elementor elementor-19314\">\n\t\t\t\t\t\t<section class=\"elementor-section elementor-top-section elementor-element elementor-element-84e5f30 elementor-section-content-middle elementor-section-boxed elementor-section-height-default elementor-section-height-default\" data-id=\"84e5f30\" data-element_type=\"section\" data-e-type=\"section\" data-settings=\"{&quot;background_background&quot;:&quot;classic&quot;}\">\n\t\t\t\t\t\t<div class=\"elementor-container elementor-column-gap-default\">\n\t\t\t\t\t<div class=\"elementor-column elementor-col-100 elementor-top-column elementor-element elementor-element-a307bb4\" data-id=\"a307bb4\" data-element_type=\"column\" data-e-type=\"column\">\n\t\t\t<div class=\"elementor-widget-wrap elementor-element-populated\">\n\t\t\t\t\t\t<div class=\"elementor-element elementor-element-e043618 tt-view-stacked tt-shape-rounded tt-text-align-center tt-heading-fill-color elementor-widget elementor-widget-tt-heading\" data-id=\"e043618\" data-element_type=\"widget\" data-e-type=\"widget\" data-widget_type=\"tt-heading.default\">\n\t\t\t\t<div class=\"elementor-widget-container\">\n\t\t\t\t\t\r\n\t\t<div class=\"section-heading style-one\">\r\n\r\n\t\t\t\t\t\t<!-- \/.icon-container -->\r\n\r\n\t\t\t\t\t\t\t<h3 class=\"subtitle\">Policies<\/h3>\r\n\t\t\t\r\n\t\t\t<h2 class=\"section-title\">Terms and Conditions<\/h2>\r\n\t\t\t\t\t\t\t<div class=\"description\"><p>Discover the terms and conditions for using Tu Identidad's services<\/p><\/div>\r\n\t\t\t\t\t<\/div>\r\n\r\n\t\t\t\t\t\t<\/div>\n\t\t\t\t<\/div>\n\t\t\t\t\t<\/div>\n\t\t<\/div>\n\t\t\t\t\t<\/div>\n\t\t<\/section>\n\t\t<div class=\"elementor-element elementor-element-4292f9ec e-flex e-con-boxed e-con e-parent\" data-id=\"4292f9ec\" data-element_type=\"container\" data-e-type=\"container\">\n\t\t\t\t\t<div class=\"e-con-inner\">\n\t\t\t\t<div class=\"elementor-element elementor-element-ee69670 elementor-widget elementor-widget-text-editor\" data-id=\"ee69670\" data-element_type=\"widget\" data-e-type=\"widget\" data-widget_type=\"text-editor.default\">\n\t\t\t\t<div class=\"elementor-widget-container\">\n\t\t\t\t\t\t\t\t\t\n<p>This adhesion contract describes the <strong>terms and conditions<\/strong> applicable to the use of the content, products, and\/or services of the website <a href=\"https:\/\/tuidentidad.com\/en\/\">https:\/\/www.tuidentidad.com<\/a>, of which it is the owner <strong>DO YOU IDENTIFY YOURSELF SAPI DE CV?<\/strong>To make use of the content, products, and\/or services of the website, the user must comply with these <strong>terms and conditions<\/strong>.<\/p>\n\n\n\n<h6 class=\"wp-block-heading\"><strong>GENERAL TERMS OF THE OWNER:<\/strong><\/h6>\n\n\n\n<p><strong>Identity, address, and contact information:<\/strong><br>to) <strong>DO YOU IDENTIFY YOURSELF SAPI DE CV?<\/strong><br>b) <strong>Andress:<\/strong> Bosque de Janitzio No. 14, Lomas de la Herradura, Huixquilucan, CP 52785, Estado de M\u00e9xico.<br>c) <strong>Phone<\/strong> +52-55-6878-4602<br>d) <strong>Email:<\/strong> <a>contacto@tuidentidad.com<\/a><\/p>\n\n\n\n<h6 class=\"wp-block-heading\"><strong>FOR THE PURPOSE OF UNDERSTANDING THIS DOCUMENT, THE FOLLOWING DEFINITIONS OF THE CORRESPONDING TERMS ARE ESTABLISHED:<\/strong><\/h6>\n\n\n\n<p><strong>I. User:<\/strong><br>An adult citizen, as defined by Article 34 of the Political Constitution of the United Mexican States. This user is expressly understood to be authorized by the individual or legal entity requesting the <strong>Technical Feasibility Test<\/strong>. The use of this legally binds the applicant.<\/p>\n\n\n\n<p><strong>II. Use:<\/strong><br>Use refers to any access, interaction, exchange of information, and consumption of our services.<\/p>\n\n\n\n<p><strong>III. Content:<\/strong><br>Any information and documents, including photos, data, and images requested during the identification process.<\/p>\n\n\n\n<p><strong>IV. Third Parties:<\/strong><br>Those clients or service providers through electronic means, websites, or similar platforms, with whom <strong>YOUR IDENTITY<\/strong> has collaboration agreements to verify the User's identity.<\/p>\n\n\n\n<p><strong>V. Verification:<\/strong><br>Process through which <strong>YOUR IDENTITY<\/strong> the verification of personal data and the authenticity of the documents presented is carried out through OCR techniques, document analysis, and queries to public databases and governmental entities such as the I.N.E., within the framework of its <strong>Verification Service<\/strong>.<\/p>\n\n\n\n<h6 class=\"wp-block-heading\"><strong>I. PURPOSE<\/strong><\/h6>\n\n\n\n<p>The purpose of these terms and conditions of use is to regulate the process of <strong>identity verification<\/strong> of users and the authenticity of official documents through publicly accessible sources, third-party databases, or with the competent authorities.<\/p>\n\n\n\n<p>The user declares under oath that the <strong>data<\/strong> provided are truthful and the <strong>documents<\/strong> are authentic. If the user is a third party, they declare having the consent of the owner to carry out the corresponding validations.<\/p>\n\n\n\n<p><strong>YOUR IDENTITY<\/strong> may consult the database of the <strong>INE<\/strong> for the verification of the voter ID, without your data or the queries being subject to commercialization or resale to third parties.<\/p>\n\n\n\n<h6 class=\"wp-block-heading\"><strong>II. CONDITIONS FOR THE PROVISION OF THE SERVICE<\/strong><\/h6>\n\n\n\n<p>The services provided by <strong>YOUR IDENTITY<\/strong> They may be free or paid, depending on the services requested for the identity verification of an individual or legal entity. To contract additional services, the third party must contact the commercial department via email at: <a>contacto@tuidentidad.com<\/a> and receive a quote.<\/p>\n\n\n\n<h6 class=\"wp-block-heading\"><strong>III. ACCESS AND NAVIGATION ON THE WEBSITE<\/strong><\/h6>\n\n\n\n<p><strong>YOUR IDENTITY<\/strong> It does not guarantee the continuity and availability of the content, products, and services on the website. Actions will be taken to promote the proper functioning of the site without assuming additional responsibilities.<\/p>\n\n\n\n<p>We are not responsible for software errors or damage to the user's equipment. Additionally, it is <strong>prohibited<\/strong> to use methods other than the provided interface. Improper use of the service may result in suspension of service.<\/p>\n\n\n\n<p>It is <strong>prohibited<\/strong> to sell or resell the results provided by our service. The user is solely responsible for the use of the provided content.<\/p>\n\n\n\n<h6 class=\"wp-block-heading\"><strong>III. ACCESS AND NAVIGATION ON THE WEBSITE<\/strong><\/h6>\n\n\n\n<p>The security of the site largely depends on the access network. <strong>YOUR IDENTITY<\/strong> does not guarantee uninterrupted service and is not responsible for failures beyond its control, such as internet outages or server power issues.<\/p>\n\n\n\n<h6 class=\"wp-block-heading\"><strong>V. PRIVACY POLICY AND DATA PROTECTION<\/strong><\/h6>\n\n\n\n<p>In compliance with the Federal Law on the Protection of Personal Data Held by Private Parties, <strong>YOUR IDENTITY<\/strong> it will take the necessary measures to guarantee the security of the user's personal data.<\/p>\n\n\n\n<p>The use of personal data will be governed by the <strong>Privacy Notice<\/strong> available at <a href=\"https:\/\/tuidentidad.com\/en\/\">https:\/\/www.tuidentidad.com<\/a>. <strong>YOUR IDENTITY<\/strong> reserves the right to modify the Privacy Notice at any time and without prior notice.<\/p>\n\n\n\n<h6 class=\"wp-block-heading\"><strong>VI. INTELLECTUAL AND INDUSTRIAL PROPERTY<\/strong><\/h6>\n\n\n\n<p><strong>YOUR IDENTITY<\/strong> is the owner of the intellectual and industrial property rights of the website, including images, trademarks, source code, databases, designs, etc. It also utilizes services provided by third parties under license.<\/p>\n\n\n\n<p>The user agrees to respect intellectual property rights, being allowed to view, store, copy, and print elements of the website exclusively for personal use. It is <strong>prohibited<\/strong> the total or partial reproduction of the elements of the website.<\/p>\n\n\n\n<p><strong>YOUR IDENTITY<\/strong> reserves the right to take legal action against those who violate these rights.<\/p>\n\n\n\n<h6 class=\"wp-block-heading\"><strong>VII. TERM<\/strong><\/h6>\n\n\n\n<p>The services of <strong>YOUR IDENTITY<\/strong> are \"on demand,\" so the term of the contract is indefinite, lasting until the provided services are fully consumed.<\/p>\n\n\n\n<h6 class=\"wp-block-heading\"><strong>VIII. APPLICABLE LAW AND JURISDICTION<\/strong><\/h6>\n\n\n\n<p>These terms and conditions are governed by the current federal legislation in Mexico. In the event of disputes related to their interpretation, compliance, breach, or termination, the <strong>user<\/strong> and <strong>YOUR IDENTITY<\/strong> they submit to the jurisdiction of the competent federal courts located in Mexico City, waiving any other jurisdiction.<\/p>\n\t\t\t\t\t\t\t\t<\/div>\n\t\t\t\t<\/div>\n\t\t\t\t\t<\/div>\n\t\t\t\t<\/div>\n\t\t\t\t<\/div>","protected":false},"excerpt":{"rendered":"<p>Pol\u00edticas T\u00e9rminos y Condiciones Descubre los t\u00e9rminos y condiciones para usar los servicios de Tu Identidad El presente contrato de adhesi\u00f3n describe los t\u00e9rminos y condiciones aplicables al uso del contenido, productos y\/o servicios del sitio web https:\/\/www.tuidentidad.com, del cual es titular TE IDENTIFICAS S.A.P.I. DE C.V.. Para hacer uso del contenido, productos y\/o servicios [&hellip;]<\/p>\n","protected":false},"author":2,"featured_media":0,"parent":0,"menu_order":0,"comment_status":"closed","ping_status":"closed","template":"","meta":{"_eb_attr":"","content-type":"","_monsterinsights_skip_tracking":false,"_monsterinsights_sitenote_active":false,"_monsterinsights_sitenote_note":"","_monsterinsights_sitenote_category":0,"footnotes":""},"class_list":["post-19314","page","type-page","status-publish","hentry"],"aioseo_notices":[],"_links":{"self":[{"href":"https:\/\/tuidentidad.com\/en\/wp-json\/wp\/v2\/pages\/19314","targetHints":{"allow":["GET"]}}],"collection":[{"href":"https:\/\/tuidentidad.com\/en\/wp-json\/wp\/v2\/pages"}],"about":[{"href":"https:\/\/tuidentidad.com\/en\/wp-json\/wp\/v2\/types\/page"}],"author":[{"embeddable":true,"href":"https:\/\/tuidentidad.com\/en\/wp-json\/wp\/v2\/users\/2"}],"replies":[{"embeddable":true,"href":"https:\/\/tuidentidad.com\/en\/wp-json\/wp\/v2\/comments?post=19314"}],"version-history":[{"count":10,"href":"https:\/\/tuidentidad.com\/en\/wp-json\/wp\/v2\/pages\/19314\/revisions"}],"predecessor-version":[{"id":19514,"href":"https:\/\/tuidentidad.com\/en\/wp-json\/wp\/v2\/pages\/19314\/revisions\/19514"}],"wp:attachment":[{"href":"https:\/\/tuidentidad.com\/en\/wp-json\/wp\/v2\/media?parent=19314"}],"curies":[{"name":"wp","href":"https:\/\/api.w.org\/{rel}","templated":true}]}}