{"id":19311,"date":"2025-01-30T00:12:49","date_gmt":"2025-01-30T00:12:49","guid":{"rendered":"https:\/\/tuidentidad.com\/?page_id=19311"},"modified":"2025-02-14T00:10:40","modified_gmt":"2025-02-14T00:10:40","slug":"politica-del-sistema-de-gestion","status":"publish","type":"page","link":"https:\/\/tuidentidad.com\/en\/politica-del-sistema-de-gestion\/","title":{"rendered":"Management System Policy"},"content":{"rendered":"<div data-elementor-type=\"wp-page\" data-elementor-id=\"19311\" class=\"elementor elementor-19311\">\n\t\t\t\t\t\t<section class=\"elementor-section elementor-top-section elementor-element elementor-element-2834284 elementor-section-content-middle elementor-section-boxed elementor-section-height-default elementor-section-height-default\" data-id=\"2834284\" data-element_type=\"section\" data-e-type=\"section\" data-settings=\"{&quot;background_background&quot;:&quot;classic&quot;}\">\n\t\t\t\t\t\t<div class=\"elementor-container elementor-column-gap-default\">\n\t\t\t\t\t<div class=\"elementor-column elementor-col-100 elementor-top-column elementor-element elementor-element-f77297e\" data-id=\"f77297e\" data-element_type=\"column\" data-e-type=\"column\">\n\t\t\t<div class=\"elementor-widget-wrap elementor-element-populated\">\n\t\t\t\t\t\t<div class=\"elementor-element elementor-element-ba4b90c tt-view-stacked tt-shape-rounded tt-text-align-center tt-heading-fill-color elementor-widget elementor-widget-tt-heading\" data-id=\"ba4b90c\" data-element_type=\"widget\" data-e-type=\"widget\" data-widget_type=\"tt-heading.default\">\n\t\t\t\t<div class=\"elementor-widget-container\">\n\t\t\t\t\t\r\n\t\t<div class=\"section-heading style-one\">\r\n\r\n\t\t\t\t\t\t<!-- \/.icon-container -->\r\n\r\n\t\t\t\t\t\t\t<h3 class=\"subtitle\">Policies<\/h3>\r\n\t\t\t\r\n\t\t\t<h2 class=\"section-title\">Management System Policy<\/h2>\r\n\t\t\t\t\t\t\t<div class=\"description\"><p>Learn about our policy and how we ensure security in data validation<\/p><\/div>\r\n\t\t\t\t\t<\/div>\r\n\r\n\t\t\t\t\t\t<\/div>\n\t\t\t\t<\/div>\n\t\t\t\t\t<\/div>\n\t\t<\/div>\n\t\t\t\t\t<\/div>\n\t\t<\/section>\n\t\t<div class=\"elementor-element elementor-element-4b6daa39 e-flex e-con-boxed e-con e-parent\" data-id=\"4b6daa39\" data-element_type=\"container\" data-e-type=\"container\">\n\t\t\t\t\t<div class=\"e-con-inner\">\n\t\t\t\t<div class=\"elementor-element elementor-element-70307e70 elementor-widget elementor-widget-text-editor\" data-id=\"70307e70\" data-element_type=\"widget\" data-e-type=\"widget\" data-widget_type=\"text-editor.default\">\n\t\t\t\t<div class=\"elementor-widget-container\">\n\t\t\t\t\t\t\t\t\t\n<p>At Tu Identidad, we are committed to:<\/p>\n\n\n\n<p>Driving continuous improvement in all our processes by ensuring the identification, assessment, and effective management of inherent risks to achieve established objectives and deliver exceptional services.<\/p>\n\n\n\n<p>Providing high-quality services that meet our clients\u2019 requirements as well as current legal and regulatory standards. We promote a risk-based approach, fostering the ongoing optimization of our processes and management systems with the goal of guaranteeing the confidentiality, integrity, and availability of information.<\/p>\n\n\n\n<p>Continuing our evolution as <a href=\"https:\/\/tuidentidad.com\/en\/sobre-tu-identidad\/\" title=\"\">leaders in the validation<\/a> and verification of demographic, documentary, and biometric data, as well as related areas, while maintaining compliance with international standards: <strong>ISO 9001:2015<\/strong> and <strong>27001:2013<\/strong>.<\/p>\n\n\n\n<p>This commitment forms the foundation of our mission to build trust among our clients and partners, consolidating our position as a benchmark in security and accuracy in identity management.<\/p>\n\t\t\t\t\t\t\t\t<\/div>\n\t\t\t\t<\/div>\n\t\t\t\t\t<\/div>\n\t\t\t\t<\/div>\n\t\t\t\t<\/div>","protected":false},"excerpt":{"rendered":"<p>Pol\u00edticas Pol\u00edtica del Sistema de Gesti\u00f3n Conoce nuestra pol\u00edtica y c\u00f3mo garantizamos seguridad en la validaci\u00f3n de datos. En Tu identidad, nos comprometemos a: Impulsar la mejora continua en todos nuestros procesos, asegurando la identificaci\u00f3n, evaluaci\u00f3n y gesti\u00f3n efectiva de los riesgos inherentes, para alcanzar los objetivos establecidos y brindar servicios excepcionales. Ofrecer servicios de [&hellip;]<\/p>\n","protected":false},"author":2,"featured_media":0,"parent":0,"menu_order":0,"comment_status":"closed","ping_status":"closed","template":"","meta":{"_eb_attr":"","content-type":"","_monsterinsights_skip_tracking":false,"_monsterinsights_sitenote_active":false,"_monsterinsights_sitenote_note":"","_monsterinsights_sitenote_category":0,"footnotes":""},"class_list":["post-19311","page","type-page","status-publish","hentry"],"aioseo_notices":[],"_links":{"self":[{"href":"https:\/\/tuidentidad.com\/en\/wp-json\/wp\/v2\/pages\/19311","targetHints":{"allow":["GET"]}}],"collection":[{"href":"https:\/\/tuidentidad.com\/en\/wp-json\/wp\/v2\/pages"}],"about":[{"href":"https:\/\/tuidentidad.com\/en\/wp-json\/wp\/v2\/types\/page"}],"author":[{"embeddable":true,"href":"https:\/\/tuidentidad.com\/en\/wp-json\/wp\/v2\/users\/2"}],"replies":[{"embeddable":true,"href":"https:\/\/tuidentidad.com\/en\/wp-json\/wp\/v2\/comments?post=19311"}],"version-history":[{"count":7,"href":"https:\/\/tuidentidad.com\/en\/wp-json\/wp\/v2\/pages\/19311\/revisions"}],"predecessor-version":[{"id":19517,"href":"https:\/\/tuidentidad.com\/en\/wp-json\/wp\/v2\/pages\/19311\/revisions\/19517"}],"wp:attachment":[{"href":"https:\/\/tuidentidad.com\/en\/wp-json\/wp\/v2\/media?parent=19311"}],"curies":[{"name":"wp","href":"https:\/\/api.w.org\/{rel}","templated":true}]}}