{"id":18790,"date":"2025-01-21T19:43:21","date_gmt":"2025-01-21T19:43:21","guid":{"rendered":"https:\/\/tuidentidad.com\/?page_id=18790"},"modified":"2025-02-26T09:22:00","modified_gmt":"2025-02-26T09:22:00","slug":"casos-de-exito","status":"publish","type":"page","link":"https:\/\/tuidentidad.com\/en\/casos-de-exito\/","title":{"rendered":"Success stories"},"content":{"rendered":"<div data-elementor-type=\"wp-page\" data-elementor-id=\"18790\" class=\"elementor elementor-18790\">\n\t\t\t\t\t\t<section class=\"elementor-section elementor-top-section elementor-element elementor-element-b90693d elementor-section-content-middle elementor-section-boxed elementor-section-height-default elementor-section-height-default\" data-id=\"b90693d\" data-element_type=\"section\" data-e-type=\"section\" data-settings=\"{&quot;background_background&quot;:&quot;classic&quot;}\">\n\t\t\t\t\t\t<div class=\"elementor-container elementor-column-gap-default\">\n\t\t\t\t\t<div class=\"elementor-column elementor-col-100 elementor-top-column elementor-element elementor-element-d775d4f\" data-id=\"d775d4f\" data-element_type=\"column\" data-e-type=\"column\">\n\t\t\t<div class=\"elementor-widget-wrap elementor-element-populated\">\n\t\t\t\t\t\t<div class=\"elementor-element elementor-element-d184f17 tt-view-stacked tt-shape-rounded tt-text-align-center tt-heading-fill-color elementor-widget elementor-widget-tt-heading\" data-id=\"d184f17\" data-element_type=\"widget\" data-e-type=\"widget\" data-widget_type=\"tt-heading.default\">\n\t\t\t\t<div class=\"elementor-widget-container\">\n\t\t\t\t\t\r\n\t\t<div class=\"section-heading style-one\">\r\n\r\n\t\t\t\t\t\t<!-- \/.icon-container -->\r\n\r\n\t\t\t\t\t\t\t<h3 class=\"subtitle\">Identity Verification Solutions<\/h3>\r\n\t\t\t\r\n\t\t\t<h2 class=\"section-title\">Success stories<\/h2>\r\n\t\t\t\t\t\t\t<div class=\"description\"><p>Discover how our identity verification solutions have enhanced<br \/>\u00a0security and efficiency across various industries.<\/p><\/div>\r\n\t\t\t\t\t<\/div>\r\n\r\n\t\t\t\t\t\t<\/div>\n\t\t\t\t<\/div>\n\t\t\t\t\t<\/div>\n\t\t<\/div>\n\t\t\t\t\t<\/div>\n\t\t<\/section>\n\t\t<div class=\"elementor-element elementor-element-b8c5cbf e-flex e-con-boxed e-con e-parent\" data-id=\"b8c5cbf\" data-element_type=\"container\" data-e-type=\"container\">\n\t\t\t\t\t<div class=\"e-con-inner\">\n\t\t\t\t<div class=\"elementor-element elementor-element-edbc4ee elementor-widget-mobile__width-inherit elementor-widget elementor-widget-tt-blog\" data-id=\"edbc4ee\" data-element_type=\"widget\" data-e-type=\"widget\" data-widget_type=\"tt-blog.default\">\n\t\t\t\t<div class=\"elementor-widget-container\">\n\t\t\t\t\t\t\t\t<div class=\"tt-blog-posts\">\r\n                <div class=\"row\"><div class=\"col-md-6 col-lg-4 recent-post\">\r\n\t<div class=\"post-grid style-two\">\r\n\t\t\t\t\t<div class=\"feature-image\">\r\n\t\t\t\t<a href=\"https:\/\/tuidentidad.com\/en\/casos-de-exito\/casos-de-estudio-como-el-kyc-ayudo-a-empresas-a-prevenir-el-fraude\/\" class=\"feature-image-block\">\r\n\t\t\t\t\t<img fetchpriority=\"high\" decoding=\"async\" width=\"1280\" height=\"853\" src=\"https:\/\/tuidentidad.com\/wp-content\/uploads\/2023\/03\/Casos-de-exito_Tu-identidad_KYC.jpg\" class=\"img-fluid wp-post-image\" alt=\"\" srcset=\"https:\/\/tuidentidad.com\/wp-content\/uploads\/2023\/03\/Casos-de-exito_Tu-identidad_KYC.jpg 1280w, https:\/\/tuidentidad.com\/wp-content\/uploads\/2023\/03\/Casos-de-exito_Tu-identidad_KYC-300x200.jpg 300w, https:\/\/tuidentidad.com\/wp-content\/uploads\/2023\/03\/Casos-de-exito_Tu-identidad_KYC-1024x682.jpg 1024w, https:\/\/tuidentidad.com\/wp-content\/uploads\/2023\/03\/Casos-de-exito_Tu-identidad_KYC-768x512.jpg 768w\" sizes=\"(max-width: 1280px) 100vw, 1280px\" \/>\t\t\t\t<\/a>\r\n\t\t\t<\/div>\r\n\r\n\t\t\t\t<div class=\"blog-content\">\r\n\t\t\t<div class=\"entry-header\">\r\n\t\t\t\t\t\t\t\t\t<div class=\"meta-category-wrapper\">\r\n\t\t\t\t\t\t<a href=\"https:\/\/tuidentidad.com\/en\/category\/casos-de-exito\/\" class=\"tt-blog-meta-category\" rel=\"category tag\">Success stories<\/a>\t\t\t\t\t<\/div>\r\n\t\t\t\t\t\t\t\t<h3 class=\"entry-title\"><a href=\"https:\/\/tuidentidad.com\/en\/casos-de-exito\/casos-de-estudio-como-el-kyc-ayudo-a-empresas-a-prevenir-el-fraude\/\">How KYC Helped Companies Prevent Fraud<\/a><\/h3>\r\n\t\t\t\t<p>\nKYC technology helps companies solve everyday operational challenges.\n\nThe ...<\/p>\r\n\t\t\t<\/div>\r\n\t\t<\/div>\r\n\t<\/div>\r\n<\/div>\r\n<\/div>\t\t\t<\/div>\r\n\t\t    \t\t\t\t<\/div>\n\t\t\t\t<\/div>\n\t\t\t\t\t<\/div>\n\t\t\t\t<\/div>\n\t\t\t\t<section class=\"elementor-section elementor-top-section elementor-element elementor-element-ef5ed9b elementor-section-content-middle elementor-section-boxed elementor-section-height-default elementor-section-height-default\" data-id=\"ef5ed9b\" data-element_type=\"section\" data-e-type=\"section\" data-settings=\"{&quot;background_background&quot;:&quot;classic&quot;}\">\n\t\t\t\t\t\t<div class=\"elementor-container elementor-column-gap-default\">\n\t\t\t\t\t<div class=\"elementor-column elementor-col-100 elementor-top-column elementor-element elementor-element-1a71021\" data-id=\"1a71021\" data-element_type=\"column\" data-e-type=\"column\">\n\t\t\t<div class=\"elementor-widget-wrap elementor-element-populated\">\n\t\t\t\t\t\t<div class=\"elementor-element elementor-element-3950639 tt-view-stacked tt-shape-rounded tt-text-align-center tt-heading-fill-color elementor-widget elementor-widget-tt-heading\" data-id=\"3950639\" data-element_type=\"widget\" data-e-type=\"widget\" data-widget_type=\"tt-heading.default\">\n\t\t\t\t<div class=\"elementor-widget-container\">\n\t\t\t\t\t\r\n\t\t<div class=\"section-heading style-one\">\r\n\r\n\t\t\t\t\t\t<!-- \/.icon-container -->\r\n\r\n\t\t\t\t\t\t\t<h3 class=\"subtitle\">Transformation begins<\/h3>\r\n\t\t\t\r\n\t\t\t<h2 class=\"section-title\">Revolutionize your validation process<br>of identity, today!<\/h2>\r\n\t\t\t\t\t\t\t<div class=\"description\"><p>Schedule your demo and discover how Tu Identidad can transform your company's security.<\/p><\/div>\r\n\t\t\t\t\t<\/div>\r\n\r\n\t\t\t\t\t\t<\/div>\n\t\t\t\t<\/div>\n\t\t\t\t<div class=\"elementor-element elementor-element-3ecf343 elementor-widget elementor-widget-tt-dual-button\" data-id=\"3ecf343\" data-element_type=\"widget\" data-e-type=\"widget\" data-widget_type=\"tt-dual-button.default\">\n\t\t\t\t<div class=\"elementor-widget-container\">\n\t\t\t\t\t\r\n\t\t<div class=\"tt-button-container tt-inline\">\r\n\r\n\t\t\t\t\t\t\t<div class=\"tt-button-wrapper tt-button-primary\">\r\n\t\t\t\t\t<a href=\"https:\/\/tuidentidad.com\/en\/agenda-tu-demo\/\" class=\"tt-btn tt-btn-one btn-default btn-md\">\r\n\t\t\t\t\t\t<span class=\"tt-btn-content-wrapper\">\r\n\t\t\t\t\t\t\t\t\t\t\t\t\t\t<span class=\"tt-btn__text\">Book a demo<\/span>\r\n\t\t\t\t\t\t<\/span>\r\n\t\t\t\t\t\t<!-- \/.tt-btn-content-wrapper -->\r\n\t\t\t\t\t<\/a>\r\n\t\t\t\t<\/div>\r\n\t\t\t\r\n\t\t\t\t\t<\/div>\r\n\t\t<!-- \/.tt-btn-wrapper -->\r\n\t\t\t\t\t<\/div>\n\t\t\t\t<\/div>\n\t\t\t\t\t<\/div>\n\t\t<\/div>\n\t\t\t\t\t<\/div>\n\t\t<\/section>\n\t\t\t\t<\/div>","protected":false},"excerpt":{"rendered":"<p>Soluciones en validaci\u00f3n de identidad Casos de \u00e9xito Conoce c\u00f3mo nuestras soluciones de validaci\u00f3n de identidad han mejorado\u00a0la seguridad y eficiencia en diversas industrias. Casos de \u00e9xito C\u00f3mo el KYC ayud\u00f3 a empresas a prevenir el fraude La tecnolog\u00eda KYC ayuda a las empresas a resolver problemas de la operaci\u00f3n diaria. Los &#8230; Inicia la [&hellip;]<\/p>\n","protected":false},"author":2,"featured_media":0,"parent":0,"menu_order":0,"comment_status":"closed","ping_status":"closed","template":"","meta":{"_eb_attr":"","content-type":"","_monsterinsights_skip_tracking":false,"_monsterinsights_sitenote_active":false,"_monsterinsights_sitenote_note":"","_monsterinsights_sitenote_category":0,"footnotes":""},"class_list":["post-18790","page","type-page","status-publish","hentry"],"aioseo_notices":[],"_links":{"self":[{"href":"https:\/\/tuidentidad.com\/en\/wp-json\/wp\/v2\/pages\/18790","targetHints":{"allow":["GET"]}}],"collection":[{"href":"https:\/\/tuidentidad.com\/en\/wp-json\/wp\/v2\/pages"}],"about":[{"href":"https:\/\/tuidentidad.com\/en\/wp-json\/wp\/v2\/types\/page"}],"author":[{"embeddable":true,"href":"https:\/\/tuidentidad.com\/en\/wp-json\/wp\/v2\/users\/2"}],"replies":[{"embeddable":true,"href":"https:\/\/tuidentidad.com\/en\/wp-json\/wp\/v2\/comments?post=18790"}],"version-history":[{"count":31,"href":"https:\/\/tuidentidad.com\/en\/wp-json\/wp\/v2\/pages\/18790\/revisions"}],"predecessor-version":[{"id":19999,"href":"https:\/\/tuidentidad.com\/en\/wp-json\/wp\/v2\/pages\/18790\/revisions\/19999"}],"wp:attachment":[{"href":"https:\/\/tuidentidad.com\/en\/wp-json\/wp\/v2\/media?parent=18790"}],"curies":[{"name":"wp","href":"https:\/\/api.w.org\/{rel}","templated":true}]}}